{"id":1731,"date":"2017-03-09T22:39:52","date_gmt":"2017-03-09T21:39:52","guid":{"rendered":"http:\/\/mondschatz.com\/?page_id=1731\/"},"modified":"2017-03-09T22:39:52","modified_gmt":"2017-03-09T21:39:52","slug":"blog","status":"publish","type":"page","link":"https:\/\/mondschatz.com\/en\/blog\/","title":{"rendered":"Blog"},"content":{"rendered":"<div  data-slideshow-options=\"{&quot;animation&quot;:&quot;fade&quot;,&quot;autoplay&quot;:false,&quot;loop_autoplay&quot;:&quot;once&quot;,&quot;interval&quot;:5,&quot;loop_manual&quot;:&quot;manual-endless&quot;,&quot;autoplay_stopper&quot;:false,&quot;noNavigation&quot;:false,&quot;show_slide_delay&quot;:90}\" class='avia-content-slider avia-content-grid-active avia-content-slider1 avia-content-slider-odd  avia-builder-el-0  el_before_av_hr  avia-builder-el-first  av-slideshow-ui av-control-default   av-no-slider-navigation av-slideshow-manual av-loop-once av-loop-manual-endless '  itemscope=\"itemscope\" itemtype=\"https:\/\/schema.org\/Blog\" ><div class=\"avia-content-slider-inner\"><div class=\"slide-entry-wrap\"><article class='slide-entry flex_column  post-entry post-entry-3007 slide-entry-overview slide-loop-1 slide-parity-odd  av_one_third first real-thumbnail posttype-post post-format-standard'  itemscope=\"itemscope\" itemtype=\"https:\/\/schema.org\/CreativeWork\" ><a href='https:\/\/mondschatz.com\/en\/goldschmiedin-viola-hermann-aus-stuttgart-nimmt-mondschatz-ins-programm\/' data-rel='slide-1' class='slide-image' title='Goldsmith Viola Hermann located in Stuttgart sells Mondschatz'><img decoding=\"async\" fetchpriority=\"high\" width=\"495\" height=\"400\" src=\"https:\/\/mondschatz.com\/wp-content\/uploads\/2019\/02\/PB280195-495x400.jpg\" class=\"wp-image-3004 avia-img-lazy-loading-not-3004 attachment-portfolio size-portfolio wp-post-image\" alt=\"\" srcset=\"https:\/\/mondschatz.com\/wp-content\/uploads\/2019\/02\/PB280195-495x400.jpg 495w, https:\/\/mondschatz.com\/wp-content\/uploads\/2019\/02\/PB280195-845x684.jpg 845w\" sizes=\"(max-width: 495px) 100vw, 495px\" \/><\/a><div class=\"slide-content\"><header class=\"entry-content-header\" aria-label=\"Slide: Goldsmith Viola Hermann located in Stuttgart sells Mondschatz\"><h3 class='slide-entry-title entry-title '  itemprop=\"headline\" ><a href='https:\/\/mondschatz.com\/en\/goldschmiedin-viola-hermann-aus-stuttgart-nimmt-mondschatz-ins-programm\/' title='Goldsmith Viola Hermann located in Stuttgart sells Mondschatz'>Goldsmith Viola Hermann located in Stuttgart sells Mondschatz<\/a><\/h3><span class=\"av-vertical-delimiter\"><\/span><\/header><div class=\"slide-meta\"><time class='slide-meta-time updated'  itemprop=\"datePublished\" datetime=\"2018-11-28T22:43:54+01:00\" >28. November 2018<\/time><\/div><div class='slide-entry-excerpt entry-content'  itemprop=\"text\" >\r\nDear Mondschatz-friends!\u00a0\r\n\u00a0\r\nOur pieces of jewellery with\u2026<\/div><\/div><footer class=\"entry-footer\"><\/footer><span class='hidden'>\n\t\t\t\t<span class='av-structured-data'  itemprop=\"image\" itemscope=\"itemscope\" itemtype=\"https:\/\/schema.org\/ImageObject\" >\n\t\t\t\t\t\t<span itemprop='url'>https:\/\/mondschatz.com\/wp-content\/uploads\/2019\/02\/PB280195-scaled.jpg<\/span>\n\t\t\t\t\t\t<span itemprop='height'>1920<\/span>\n\t\t\t\t\t\t<span itemprop='width'>2560<\/span>\n\t\t\t\t<\/span>\n\t\t\t\t<span class='av-structured-data'  itemprop=\"publisher\" itemtype=\"https:\/\/schema.org\/Organization\" itemscope=\"itemscope\" >\n\t\t\t\t\t\t<span itemprop='name'>micha<\/span>\n\t\t\t\t\t\t<span itemprop='logo' itemscope itemtype='https:\/\/schema.org\/ImageObject'>\n\t\t\t\t\t\t\t<span itemprop='url'>http:\/\/mondschatz.com\/wp-content\/uploads\/2016\/11\/Mondschatz-Logo-Blue-156px_v001.png<\/span>\n\t\t\t\t\t\t<\/span>\n\t\t\t\t<\/span><span class='av-structured-data'  itemprop=\"author\" itemscope=\"itemscope\" itemtype=\"https:\/\/schema.org\/Person\" ><span itemprop='name'>micha<\/span><\/span><span class='av-structured-data'  itemprop=\"datePublished\" datetime=\"2017-03-09T22:39:52+01:00\" >2018-11-28 22:43:54<\/span><span class='av-structured-data'  itemprop=\"dateModified\" itemtype=\"https:\/\/schema.org\/dateModified\" >2019-02-11 22:56:29<\/span><span class='av-structured-data'  itemprop=\"mainEntityOfPage\" itemtype=\"https:\/\/schema.org\/mainEntityOfPage\" ><span itemprop='name'>Goldsmith Viola Hermann located in Stuttgart sells Mondschatz<\/span><\/span><\/span><\/article><article class='slide-entry flex_column  post-entry post-entry-2996 slide-entry-overview slide-loop-2 slide-parity-even  av_one_third  real-thumbnail posttype-post post-format-standard'  itemscope=\"itemscope\" itemtype=\"https:\/\/schema.org\/CreativeWork\" ><a href='https:\/\/mondschatz.com\/en\/galerie-gold-und-silber-in-schwabisch-gmund\/' data-rel='slide-1' class='slide-image' title='Gallery &#8220;Gold und Silber&#8221; in Schw\u00e4bisch Gm\u00fcnd'><img decoding=\"async\" fetchpriority=\"high\" width=\"320\" height=\"240\" src=\"https:\/\/mondschatz.com\/wp-content\/uploads\/2019\/02\/IMG_3975.jpeg\" class=\"wp-image-2992 avia-img-lazy-loading-not-2992 attachment-portfolio size-portfolio wp-post-image\" alt=\"\" srcset=\"https:\/\/mondschatz.com\/wp-content\/uploads\/2019\/02\/IMG_3975.jpeg 320w, https:\/\/mondschatz.com\/wp-content\/uploads\/2019\/02\/IMG_3975-256x192.jpeg 256w, https:\/\/mondschatz.com\/wp-content\/uploads\/2019\/02\/IMG_3975-300x225.jpeg 300w\" sizes=\"(max-width: 320px) 100vw, 320px\" \/><\/a><div class=\"slide-content\"><header class=\"entry-content-header\" aria-label=\"Slide: Gallery &quot;Gold und Silber&quot; in Schw\u00e4bisch Gm\u00fcnd\"><h3 class='slide-entry-title entry-title '  itemprop=\"headline\" ><a href='https:\/\/mondschatz.com\/en\/galerie-gold-und-silber-in-schwabisch-gmund\/' title='Gallery &#8220;Gold und Silber&#8221; in Schw\u00e4bisch Gm\u00fcnd'>Gallery &#8220;Gold und Silber&#8221; in Schw\u00e4bisch Gm\u00fcnd<\/a><\/h3><span class=\"av-vertical-delimiter\"><\/span><\/header><div class=\"slide-meta\"><time class='slide-meta-time updated'  itemprop=\"datePublished\" datetime=\"2018-06-01T22:34:56+02:00\" >1. June 2018<\/time><\/div><div class='slide-entry-excerpt entry-content'  itemprop=\"text\" >Since June 1st 2018, Mondschatz is in Schw\u00e4bisch Gm\u00fcnd!\r\n\r\nAll\u2026<\/div><\/div><footer class=\"entry-footer\"><\/footer><span class='hidden'>\n\t\t\t\t<span class='av-structured-data'  itemprop=\"image\" itemscope=\"itemscope\" itemtype=\"https:\/\/schema.org\/ImageObject\" >\n\t\t\t\t\t\t<span itemprop='url'>https:\/\/mondschatz.com\/wp-content\/uploads\/2019\/02\/IMG_3975.jpeg<\/span>\n\t\t\t\t\t\t<span itemprop='height'>240<\/span>\n\t\t\t\t\t\t<span itemprop='width'>320<\/span>\n\t\t\t\t<\/span>\n\t\t\t\t<span class='av-structured-data'  itemprop=\"publisher\" itemtype=\"https:\/\/schema.org\/Organization\" itemscope=\"itemscope\" >\n\t\t\t\t\t\t<span itemprop='name'>micha<\/span>\n\t\t\t\t\t\t<span itemprop='logo' itemscope itemtype='https:\/\/schema.org\/ImageObject'>\n\t\t\t\t\t\t\t<span itemprop='url'>http:\/\/mondschatz.com\/wp-content\/uploads\/2016\/11\/Mondschatz-Logo-Blue-156px_v001.png<\/span>\n\t\t\t\t\t\t<\/span>\n\t\t\t\t<\/span><span class='av-structured-data'  itemprop=\"author\" itemscope=\"itemscope\" itemtype=\"https:\/\/schema.org\/Person\" ><span itemprop='name'>micha<\/span><\/span><span class='av-structured-data'  itemprop=\"datePublished\" datetime=\"2017-03-09T22:39:52+01:00\" >2018-06-01 22:34:56<\/span><span class='av-structured-data'  itemprop=\"dateModified\" itemtype=\"https:\/\/schema.org\/dateModified\" >2019-02-11 22:41:37<\/span><span class='av-structured-data'  itemprop=\"mainEntityOfPage\" itemtype=\"https:\/\/schema.org\/mainEntityOfPage\" ><span itemprop='name'>Gallery &#8220;Gold und Silber&#8221; in Schw\u00e4bisch Gm\u00fcnd<\/span><\/span><\/span><\/article><article class='slide-entry flex_column  post-entry post-entry-2431 slide-entry-overview slide-loop-3 slide-parity-odd  av_one_third  real-thumbnail posttype-post post-format-standard'  itemscope=\"itemscope\" itemtype=\"https:\/\/schema.org\/CreativeWork\" ><a href='https:\/\/mondschatz.com\/en\/inhorgenta-2018\/' data-rel='slide-1' class='slide-image' title='INHORGENTA 2018'><img decoding=\"async\" fetchpriority=\"high\" width=\"495\" height=\"315\" src=\"https:\/\/mondschatz.com\/wp-content\/uploads\/2018\/01\/523751_386353358050530_807343124_n-495x315.jpg\" class=\"wp-image-2430 avia-img-lazy-loading-not-2430 attachment-portfolio size-portfolio wp-post-image\" alt=\"\" \/><\/a><div class=\"slide-content\"><header class=\"entry-content-header\" aria-label=\"Slide: INHORGENTA 2018\"><h3 class='slide-entry-title entry-title '  itemprop=\"headline\" ><a href='https:\/\/mondschatz.com\/en\/inhorgenta-2018\/' title='INHORGENTA 2018'>INHORGENTA 2018<\/a><\/h3><span class=\"av-vertical-delimiter\"><\/span><\/header><div class=\"slide-meta\"><time class='slide-meta-time updated'  itemprop=\"datePublished\" datetime=\"2018-01-24T09:46:19+01:00\" >24. January 2018<\/time><\/div><div class='slide-entry-excerpt entry-content'  itemprop=\"text\" >On such a friendly invitation we had to agree: MONDSCHATZ is\u00a0at\u2026<\/div><\/div><footer class=\"entry-footer\"><\/footer><span class='hidden'>\n\t\t\t\t<span class='av-structured-data'  itemprop=\"image\" itemscope=\"itemscope\" itemtype=\"https:\/\/schema.org\/ImageObject\" >\n\t\t\t\t\t\t<span itemprop='url'>https:\/\/mondschatz.com\/wp-content\/uploads\/2018\/01\/523751_386353358050530_807343124_n.jpg<\/span>\n\t\t\t\t\t\t<span itemprop='height'>315<\/span>\n\t\t\t\t\t\t<span itemprop='width'>851<\/span>\n\t\t\t\t<\/span>\n\t\t\t\t<span class='av-structured-data'  itemprop=\"publisher\" itemtype=\"https:\/\/schema.org\/Organization\" itemscope=\"itemscope\" >\n\t\t\t\t\t\t<span itemprop='name'>micha<\/span>\n\t\t\t\t\t\t<span itemprop='logo' itemscope itemtype='https:\/\/schema.org\/ImageObject'>\n\t\t\t\t\t\t\t<span itemprop='url'>http:\/\/mondschatz.com\/wp-content\/uploads\/2016\/11\/Mondschatz-Logo-Blue-156px_v001.png<\/span>\n\t\t\t\t\t\t<\/span>\n\t\t\t\t<\/span><span class='av-structured-data'  itemprop=\"author\" itemscope=\"itemscope\" itemtype=\"https:\/\/schema.org\/Person\" ><span itemprop='name'>micha<\/span><\/span><span class='av-structured-data'  itemprop=\"datePublished\" datetime=\"2017-03-09T22:39:52+01:00\" >2018-01-24 09:46:19<\/span><span class='av-structured-data'  itemprop=\"dateModified\" itemtype=\"https:\/\/schema.org\/dateModified\" >2018-01-24 09:55:05<\/span><span class='av-structured-data'  itemprop=\"mainEntityOfPage\" itemtype=\"https:\/\/schema.org\/mainEntityOfPage\" ><span itemprop='name'>INHORGENTA 2018<\/span><\/span><\/span><\/article><\/div><div class=\"slide-entry-wrap\"><article class='slide-entry flex_column  post-entry post-entry-2420 slide-entry-overview slide-loop-4 slide-parity-odd  av_one_third first real-thumbnail posttype-post post-format-standard'  itemscope=\"itemscope\" itemtype=\"https:\/\/schema.org\/CreativeWork\" ><a href='https:\/\/mondschatz.com\/en\/sieraad-2017\/' data-rel='slide-1' class='slide-image' title='SIERAAD 2017'><img decoding=\"async\" fetchpriority=\"high\" width=\"495\" height=\"400\" src=\"https:\/\/mondschatz.com\/wp-content\/uploads\/2018\/01\/SITE-A0_SIERAAD_2017_campagne_liggend-kopie-2-495x400.jpg\" class=\"wp-image-2421 avia-img-lazy-loading-not-2421 attachment-portfolio size-portfolio wp-post-image\" alt=\"\" srcset=\"https:\/\/mondschatz.com\/wp-content\/uploads\/2018\/01\/SITE-A0_SIERAAD_2017_campagne_liggend-kopie-2-495x400.jpg 495w, https:\/\/mondschatz.com\/wp-content\/uploads\/2018\/01\/SITE-A0_SIERAAD_2017_campagne_liggend-kopie-2-845x684.jpg 845w\" sizes=\"(max-width: 495px) 100vw, 495px\" \/><\/a><div class=\"slide-content\"><header class=\"entry-content-header\" aria-label=\"Slide: SIERAAD 2017\"><h3 class='slide-entry-title entry-title '  itemprop=\"headline\" ><a href='https:\/\/mondschatz.com\/en\/sieraad-2017\/' title='SIERAAD 2017'>SIERAAD 2017<\/a><\/h3><span class=\"av-vertical-delimiter\"><\/span><\/header><div class=\"slide-meta\"><time class='slide-meta-time updated'  itemprop=\"datePublished\" datetime=\"2017-10-30T09:35:30+01:00\" >30. October 2017<\/time><\/div><div class='slide-entry-excerpt entry-content'  itemprop=\"text\" >From 9th to 11th november 2017 Mondschatz took part at the\u00a0SIERAAD\u2026<\/div><\/div><footer class=\"entry-footer\"><\/footer><span class='hidden'>\n\t\t\t\t<span class='av-structured-data'  itemprop=\"image\" itemscope=\"itemscope\" itemtype=\"https:\/\/schema.org\/ImageObject\" >\n\t\t\t\t\t\t<span itemprop='url'>https:\/\/mondschatz.com\/wp-content\/uploads\/2018\/01\/SITE-A0_SIERAAD_2017_campagne_liggend-kopie-2.jpg<\/span>\n\t\t\t\t\t\t<span itemprop='height'>1061<\/span>\n\t\t\t\t\t\t<span itemprop='width'>1500<\/span>\n\t\t\t\t<\/span>\n\t\t\t\t<span class='av-structured-data'  itemprop=\"publisher\" itemtype=\"https:\/\/schema.org\/Organization\" itemscope=\"itemscope\" >\n\t\t\t\t\t\t<span itemprop='name'>micha<\/span>\n\t\t\t\t\t\t<span itemprop='logo' itemscope itemtype='https:\/\/schema.org\/ImageObject'>\n\t\t\t\t\t\t\t<span itemprop='url'>http:\/\/mondschatz.com\/wp-content\/uploads\/2016\/11\/Mondschatz-Logo-Blue-156px_v001.png<\/span>\n\t\t\t\t\t\t<\/span>\n\t\t\t\t<\/span><span class='av-structured-data'  itemprop=\"author\" itemscope=\"itemscope\" itemtype=\"https:\/\/schema.org\/Person\" ><span itemprop='name'>micha<\/span><\/span><span class='av-structured-data'  itemprop=\"datePublished\" datetime=\"2017-03-09T22:39:52+01:00\" >2017-10-30 09:35:30<\/span><span class='av-structured-data'  itemprop=\"dateModified\" itemtype=\"https:\/\/schema.org\/dateModified\" >2018-01-24 09:39:32<\/span><span class='av-structured-data'  itemprop=\"mainEntityOfPage\" itemtype=\"https:\/\/schema.org\/mainEntityOfPage\" ><span itemprop='name'>SIERAAD 2017<\/span><\/span><\/span><\/article><article class='slide-entry flex_column  post-entry post-entry-1087 slide-entry-overview slide-loop-5 slide-parity-even  post-entry-last  av_one_third  real-thumbnail posttype-post post-format-standard'  itemscope=\"itemscope\" itemtype=\"https:\/\/schema.org\/CreativeWork\" ><a href='https:\/\/mondschatz.com\/en\/blickfang-stuttgart-2017\/' data-rel='slide-1' class='slide-image' title='Blickfang Stuttgart 2017'><img decoding=\"async\" fetchpriority=\"high\" width=\"495\" height=\"400\" src=\"https:\/\/mondschatz.com\/wp-content\/uploads\/2017\/01\/blickfang_ipad-495x400.jpg\" class=\"wp-image-1110 avia-img-lazy-loading-not-1110 attachment-portfolio size-portfolio wp-post-image\" alt=\"\" srcset=\"https:\/\/mondschatz.com\/wp-content\/uploads\/2017\/01\/blickfang_ipad-495x400.jpg 495w, https:\/\/mondschatz.com\/wp-content\/uploads\/2017\/01\/blickfang_ipad-845x684.jpg 845w\" sizes=\"(max-width: 495px) 100vw, 495px\" \/><\/a><div class=\"slide-content\"><header class=\"entry-content-header\" aria-label=\"Slide: Blickfang Stuttgart 2017\"><h3 class='slide-entry-title entry-title '  itemprop=\"headline\" ><a href='https:\/\/mondschatz.com\/en\/blickfang-stuttgart-2017\/' title='Blickfang Stuttgart 2017'>Blickfang Stuttgart 2017<\/a><\/h3><span class=\"av-vertical-delimiter\"><\/span><\/header><div class=\"slide-meta\"><time class='slide-meta-time updated'  itemprop=\"datePublished\" datetime=\"2017-01-22T15:39:20+01:00\" >22. January 2017<\/time><\/div><div class='slide-entry-excerpt entry-content'  itemprop=\"text\" >In March we are taking part of\u00a0Blickfang (http:\/\/www.blickfang.com)\u2026<\/div><\/div><footer class=\"entry-footer\"><\/footer><span class='hidden'>\n\t\t\t\t<span class='av-structured-data'  itemprop=\"image\" itemscope=\"itemscope\" itemtype=\"https:\/\/schema.org\/ImageObject\" >\n\t\t\t\t\t\t<span itemprop='url'>https:\/\/mondschatz.com\/wp-content\/uploads\/2017\/01\/blickfang_ipad.jpg<\/span>\n\t\t\t\t\t\t<span itemprop='height'>1024<\/span>\n\t\t\t\t\t\t<span itemprop='width'>853<\/span>\n\t\t\t\t<\/span>\n\t\t\t\t<span class='av-structured-data'  itemprop=\"publisher\" itemtype=\"https:\/\/schema.org\/Organization\" itemscope=\"itemscope\" >\n\t\t\t\t\t\t<span itemprop='name'>micha<\/span>\n\t\t\t\t\t\t<span itemprop='logo' itemscope itemtype='https:\/\/schema.org\/ImageObject'>\n\t\t\t\t\t\t\t<span itemprop='url'>http:\/\/mondschatz.com\/wp-content\/uploads\/2016\/11\/Mondschatz-Logo-Blue-156px_v001.png<\/span>\n\t\t\t\t\t\t<\/span>\n\t\t\t\t<\/span><span class='av-structured-data'  itemprop=\"author\" itemscope=\"itemscope\" itemtype=\"https:\/\/schema.org\/Person\" ><span itemprop='name'>micha<\/span><\/span><span class='av-structured-data'  itemprop=\"datePublished\" datetime=\"2017-03-09T22:39:52+01:00\" >2017-01-22 15:39:20<\/span><span class='av-structured-data'  itemprop=\"dateModified\" itemtype=\"https:\/\/schema.org\/dateModified\" >2017-02-03 21:07:08<\/span><span class='av-structured-data'  itemprop=\"mainEntityOfPage\" itemtype=\"https:\/\/schema.org\/mainEntityOfPage\" ><span itemprop='name'>Blickfang Stuttgart 2017<\/span><\/span><\/span><\/article><\/div><\/div><div class='pagination-wrap pagination-slider'><nav class='pagination'><span class='pagination-meta'>Page 1 of 2<\/span><span class='current'>1<\/span><a href='https:\/\/mondschatz.com\/en\/wp-json\/wp\/v2\/pages\/1731\/?avia-element-paging=2' class='inactive next_page' >2<\/a><\/nav>\n<\/div><\/div>\n<div  class='hr av-av_hr-dcd2069817a0e3d34ae04cad8f3443c7 hr-default  avia-builder-el-1  el_after_av_blog  avia-builder-el-last '><span class='hr-inner '><span class=\"hr-inner-style\"><\/span><\/span><\/div>\n","protected":false},"excerpt":{"rendered":"","protected":false},"author":1,"featured_media":0,"parent":0,"menu_order":0,"comment_status":"closed","ping_status":"closed","template":"","meta":{"footnotes":""},"class_list":["post-1731","page","type-page","status-publish","hentry"],"_links":{"self":[{"href":"https:\/\/mondschatz.com\/en\/wp-json\/wp\/v2\/pages\/1731","targetHints":{"allow":["GET"]}}],"collection":[{"href":"https:\/\/mondschatz.com\/en\/wp-json\/wp\/v2\/pages"}],"about":[{"href":"https:\/\/mondschatz.com\/en\/wp-json\/wp\/v2\/types\/page"}],"author":[{"embeddable":true,"href":"https:\/\/mondschatz.com\/en\/wp-json\/wp\/v2\/users\/1"}],"replies":[{"embeddable":true,"href":"https:\/\/mondschatz.com\/en\/wp-json\/wp\/v2\/comments?post=1731"}],"version-history":[{"count":2,"href":"https:\/\/mondschatz.com\/en\/wp-json\/wp\/v2\/pages\/1731\/revisions"}],"predecessor-version":[{"id":1738,"href":"https:\/\/mondschatz.com\/en\/wp-json\/wp\/v2\/pages\/1731\/revisions\/1738"}],"wp:attachment":[{"href":"https:\/\/mondschatz.com\/en\/wp-json\/wp\/v2\/media?parent=1731"}],"curies":[{"name":"wp","href":"https:\/\/api.w.org\/{rel}","templated":true}]}}