{"id":440,"date":"2016-11-06T20:54:28","date_gmt":"2016-11-06T19:54:28","guid":{"rendered":"http:\/\/mondschatz.com\/?post_type=product&#038;p=440"},"modified":"2020-04-22T21:09:00","modified_gmt":"2020-04-22T19:09:00","slug":"darkside","status":"publish","type":"product","link":"https:\/\/mondschatz.com\/de\/produkt\/darkside\/","title":{"rendered":"Dark Side of the Moon"},"content":{"rendered":"<p>Anh\u00e4nger Mondr\u00fcckseite<\/p>\n<p>hohlmontierte Halbkugel (ca. 2,4 cm Durchmesser) aus Silber 935 mit \u00d6se, R\u00fcckseite hochglanz poliert. Halbkugel ist Miniatur-Abbildung der erdabgewandten Seite des Mondes (\u201eThe dark side of the moon\u201c).<\/p>\n<p>Der Anh\u00e4nger wird mit einer 45cm langen Kugelkette aus 935er Silber geliefert.<\/p>\n<p>Preis\u00a0inklusive Kette.<\/p>\n","protected":false},"excerpt":{"rendered":"<p>Anh\u00e4nger Mondr\u00fcckseite hohlmontierte Halbkugel (ca. 2,4 cm Durchmesser) aus Silber 935 mit \u00d6se, R\u00fcckseite hochglanz poliert. Halbkugel ist Miniatur-Abbildung der erdabgewandten Seite des Mondes (\u201eThe dark side of the moon\u201c). Der Anh\u00e4nger wird mit einer 45cm langen Kugelkette aus 935er Silber geliefert. Preis\u00a0inklusive Kette.<\/p>\n","protected":false},"featured_media":1683,"template":"","meta":[],"product_cat":[23],"product_tag":[21],"class_list":{"0":"post-440","1":"product","2":"type-product","3":"status-publish","4":"has-post-thumbnail","6":"product_cat-lockets","7":"product_tag-locket","9":"first","10":"instock","11":"taxable","12":"shipping-taxable","13":"purchasable","14":"product-type-simple"},"_links":{"self":[{"href":"https:\/\/mondschatz.com\/de\/wp-json\/wp\/v2\/product\/440","targetHints":{"allow":["GET"]}}],"collection":[{"href":"https:\/\/mondschatz.com\/de\/wp-json\/wp\/v2\/product"}],"about":[{"href":"https:\/\/mondschatz.com\/de\/wp-json\/wp\/v2\/types\/product"}],"wp:featuredmedia":[{"embeddable":true,"href":"https:\/\/mondschatz.com\/de\/wp-json\/wp\/v2\/media\/1683"}],"wp:attachment":[{"href":"https:\/\/mondschatz.com\/de\/wp-json\/wp\/v2\/media?parent=440"}],"wp:term":[{"taxonomy":"product_cat","embeddable":true,"href":"https:\/\/mondschatz.com\/de\/wp-json\/wp\/v2\/product_cat?post=440"},{"taxonomy":"product_tag","embeddable":true,"href":"https:\/\/mondschatz.com\/de\/wp-json\/wp\/v2\/product_tag?post=440"}],"curies":[{"name":"wp","href":"https:\/\/api.w.org\/{rel}","templated":true}]}}