{"id":439,"date":"2016-11-06T20:49:13","date_gmt":"2016-11-06T20:49:13","guid":{"rendered":"http:\/\/mondschatz.com\/?post_type=product&#038;p=439"},"modified":"2019-12-14T10:28:47","modified_gmt":"2019-12-14T09:28:47","slug":"theface","status":"publish","type":"product","link":"https:\/\/mondschatz.com\/de\/produkt\/theface\/","title":{"rendered":"The Face"},"content":{"rendered":"<ol>\n<li>Anh\u00e4nger Mondvorderseite<\/li>\n<\/ol>\n<p>hohlmontierte Halbkugel (ca. 2,4 cm Durchmesser) aus Silber 935 mit \u00d6se, R\u00fcckseite hochglanz poliert. Halbkugel ist Miniatur-Abbildung der erdzugewandten Seite des Mondes (Gesicht des Mondes).<\/p>\n<p>Der Anh\u00e4nger wird mit einer 45cm langen Kugelkette aus 935er Silber geliefert.<\/p>\n<p>Preis\u00a0inklusive Kette.<\/p>\n<p>&nbsp;<\/p>\n","protected":false},"excerpt":{"rendered":"<p>Anh\u00e4nger Mondvorderseite hohlmontierte Halbkugel (ca. 2,4 cm Durchmesser) aus Silber 935 mit \u00d6se, R\u00fcckseite hochglanz poliert. Halbkugel ist Miniatur-Abbildung der erdzugewandten Seite des Mondes (Gesicht des Mondes). Der Anh\u00e4nger wird mit einer 45cm langen Kugelkette aus 935er Silber geliefert. Preis\u00a0inklusive Kette. &nbsp;<\/p>\n","protected":false},"featured_media":1687,"template":"","meta":[],"product_cat":[23],"product_tag":[21],"class_list":{"0":"post-439","1":"product","2":"type-product","3":"status-publish","4":"has-post-thumbnail","6":"product_cat-lockets","7":"product_tag-locket","9":"first","10":"instock","11":"taxable","12":"shipping-taxable","13":"purchasable","14":"product-type-simple"},"_links":{"self":[{"href":"https:\/\/mondschatz.com\/de\/wp-json\/wp\/v2\/product\/439","targetHints":{"allow":["GET"]}}],"collection":[{"href":"https:\/\/mondschatz.com\/de\/wp-json\/wp\/v2\/product"}],"about":[{"href":"https:\/\/mondschatz.com\/de\/wp-json\/wp\/v2\/types\/product"}],"wp:featuredmedia":[{"embeddable":true,"href":"https:\/\/mondschatz.com\/de\/wp-json\/wp\/v2\/media\/1687"}],"wp:attachment":[{"href":"https:\/\/mondschatz.com\/de\/wp-json\/wp\/v2\/media?parent=439"}],"wp:term":[{"taxonomy":"product_cat","embeddable":true,"href":"https:\/\/mondschatz.com\/de\/wp-json\/wp\/v2\/product_cat?post=439"},{"taxonomy":"product_tag","embeddable":true,"href":"https:\/\/mondschatz.com\/de\/wp-json\/wp\/v2\/product_tag?post=439"}],"curies":[{"name":"wp","href":"https:\/\/api.w.org\/{rel}","templated":true}]}}