{"id":3723,"date":"2021-11-14T16:29:35","date_gmt":"2021-11-14T15:29:35","guid":{"rendered":"https:\/\/mondschatz.com\/?post_type=product&#038;p=3723"},"modified":"2021-11-22T17:00:03","modified_gmt":"2021-11-22T16:00:03","slug":"moondisk02-gold","status":"publish","type":"product","link":"https:\/\/mondschatz.com\/de\/produkt\/moondisk02-gold\/","title":{"rendered":"Mondscheibe (vergoldet)"},"content":{"rendered":"<p>Anh\u00e4nger \u201eMondscheibe\u201c<\/p>\n<p>Kartographisch identische Ansicht des Vollmonds (erdzugewandte Seite) aus 935er Silber, goldplattiert. Der Durchmesser der Scheibe betr\u00e4gt\u00a022 mm und die H\u00f6he 4,5 mm.<\/p>\n<p>Die R\u00fcckseite ist eben, matt und eignet sich optimal f\u00fcr individuelle Gravuren.<\/p>\n<p>Der Anh\u00e4nger wird mit einer 50 cm langen, locker geknoteten Baumwollkordel (gewachst und geflochten) geliefert. Die gew\u00fcnschte Farbe bitte ausw\u00e4hlen, es gibt 10 verschiedene Farben.<\/p>\n<p>Eine passend vergoldetes Silbercollier, (45 cm, goldplattiert) kann zu einem Aufpreis von 65,- EUR dazubestellt werden.<\/p>\n","protected":false},"excerpt":{"rendered":"<p>Anh\u00e4nger \u201eMondscheibe\u201c Kartographisch identische Ansicht des Vollmonds (erdzugewandte Seite) aus 935er Silber, goldplattiert. Der Durchmesser der Scheibe betr\u00e4gt\u00a022 mm und die H\u00f6he 4,5 mm. Die R\u00fcckseite ist eben, matt und eignet sich optimal f\u00fcr individuelle Gravuren. Der Anh\u00e4nger wird mit einer 50 cm langen, locker geknoteten Baumwollkordel (gewachst und geflochten) geliefert. Die gew\u00fcnschte Farbe bitte [&hellip;]<\/p>\n","protected":false},"featured_media":3783,"template":"","meta":[],"product_cat":[23],"product_tag":[21],"class_list":{"0":"post-3723","1":"product","2":"type-product","3":"status-publish","4":"has-post-thumbnail","6":"product_cat-lockets","7":"product_tag-locket","9":"first","10":"instock","11":"taxable","12":"shipping-taxable","13":"purchasable","14":"product-type-variable"},"_links":{"self":[{"href":"https:\/\/mondschatz.com\/de\/wp-json\/wp\/v2\/product\/3723","targetHints":{"allow":["GET"]}}],"collection":[{"href":"https:\/\/mondschatz.com\/de\/wp-json\/wp\/v2\/product"}],"about":[{"href":"https:\/\/mondschatz.com\/de\/wp-json\/wp\/v2\/types\/product"}],"wp:featuredmedia":[{"embeddable":true,"href":"https:\/\/mondschatz.com\/de\/wp-json\/wp\/v2\/media\/3783"}],"wp:attachment":[{"href":"https:\/\/mondschatz.com\/de\/wp-json\/wp\/v2\/media?parent=3723"}],"wp:term":[{"taxonomy":"product_cat","embeddable":true,"href":"https:\/\/mondschatz.com\/de\/wp-json\/wp\/v2\/product_cat?post=3723"},{"taxonomy":"product_tag","embeddable":true,"href":"https:\/\/mondschatz.com\/de\/wp-json\/wp\/v2\/product_tag?post=3723"}],"curies":[{"name":"wp","href":"https:\/\/api.w.org\/{rel}","templated":true}]}}