{"id":1977,"date":"2017-07-16T18:17:04","date_gmt":"2017-07-16T16:17:04","guid":{"rendered":"http:\/\/mondschatz.de\/?post_type=product&#038;p=1977"},"modified":"2020-05-29T17:22:35","modified_gmt":"2020-05-29T15:22:35","slug":"theface-gold","status":"publish","type":"product","link":"https:\/\/mondschatz.com\/de\/produkt\/theface-gold\/","title":{"rendered":"The Face (Gold)"},"content":{"rendered":"<p>Anh\u00e4nger Mondvorderseite gold plattiert<\/p>\n<p>hohlmontierte Halbkugel (ca. 2,4 cm Durchmesser) aus Silber 935 mit \u00d6se, R\u00fcckseite hochglanz poliert. Halbkugel ist Miniatur-Abbildung der erdzugewandten Seite des Mondes (Gesicht des Mondes).<\/p>\n<p>Der Anh\u00e4nger wird mit einer 45cm langen, passend vergoldeten Kugelkette aus 935er Silber geliefert.<\/p>\n<p>Preis\u00a0inklusive Kette.<\/p>\n<p>Weitere Produktbilder bei der Variante in silber.<\/p>\n","protected":false},"excerpt":{"rendered":"<p>Anh\u00e4nger Mondvorderseite gold plattiert hohlmontierte Halbkugel (ca. 2,4 cm Durchmesser) aus Silber 935 mit \u00d6se, R\u00fcckseite hochglanz poliert. Halbkugel ist Miniatur-Abbildung der erdzugewandten Seite des Mondes (Gesicht des Mondes). Der Anh\u00e4nger wird mit einer 45cm langen, passend vergoldeten Kugelkette aus 935er Silber geliefert. Preis\u00a0inklusive Kette. Weitere Produktbilder bei der Variante in silber.<\/p>\n","protected":false},"featured_media":1974,"template":"","meta":[],"product_cat":[23],"product_tag":[21],"class_list":{"0":"post-1977","1":"product","2":"type-product","3":"status-publish","4":"has-post-thumbnail","6":"product_cat-lockets","7":"product_tag-locket","9":"first","10":"instock","11":"taxable","12":"shipping-taxable","13":"purchasable","14":"product-type-simple"},"_links":{"self":[{"href":"https:\/\/mondschatz.com\/de\/wp-json\/wp\/v2\/product\/1977","targetHints":{"allow":["GET"]}}],"collection":[{"href":"https:\/\/mondschatz.com\/de\/wp-json\/wp\/v2\/product"}],"about":[{"href":"https:\/\/mondschatz.com\/de\/wp-json\/wp\/v2\/types\/product"}],"wp:featuredmedia":[{"embeddable":true,"href":"https:\/\/mondschatz.com\/de\/wp-json\/wp\/v2\/media\/1974"}],"wp:attachment":[{"href":"https:\/\/mondschatz.com\/de\/wp-json\/wp\/v2\/media?parent=1977"}],"wp:term":[{"taxonomy":"product_cat","embeddable":true,"href":"https:\/\/mondschatz.com\/de\/wp-json\/wp\/v2\/product_cat?post=1977"},{"taxonomy":"product_tag","embeddable":true,"href":"https:\/\/mondschatz.com\/de\/wp-json\/wp\/v2\/product_tag?post=1977"}],"curies":[{"name":"wp","href":"https:\/\/api.w.org\/{rel}","templated":true}]}}