{"id":1973,"date":"2017-07-16T18:14:30","date_gmt":"2017-07-16T16:14:30","guid":{"rendered":"http:\/\/mondschatz.de\/?post_type=product&#038;p=1973"},"modified":"2020-05-29T17:22:48","modified_gmt":"2020-05-29T15:22:48","slug":"darkside-gold","status":"publish","type":"product","link":"https:\/\/mondschatz.com\/de\/produkt\/darkside-gold\/","title":{"rendered":"Dark Side of the Moon (Gold)"},"content":{"rendered":"<p>Anh\u00e4nger Mondr\u00fcckseite, Gold plattiert<\/p>\n<p>hohlmontierte Halbkugel (ca. 2,4 cm Durchmesser) aus Silber 935 mit \u00d6se, R\u00fcckseite hochglanz poliert und Gold plattiert. Halbkugel ist Miniatur-Abbildung der erdabgewandten Seite des Mondes (\u201eThe dark side of the moon\u201c).<\/p>\n<p>Der Anh\u00e4nger wird mit einer 45cm langen, passend vergoldeten Kugelkette aus 935er Silber geliefert.<\/p>\n<p>Preis\u00a0inklusive Kette.<\/p>\n<p>Weitere Produktbilder bei der Variante in silber.<\/p>\n","protected":false},"excerpt":{"rendered":"<p>Anh\u00e4nger Mondr\u00fcckseite, Gold plattiert hohlmontierte Halbkugel (ca. 2,4 cm Durchmesser) aus Silber 935 mit \u00d6se, R\u00fcckseite hochglanz poliert und Gold plattiert. Halbkugel ist Miniatur-Abbildung der erdabgewandten Seite des Mondes (\u201eThe dark side of the moon\u201c). Der Anh\u00e4nger wird mit einer 45cm langen, passend vergoldeten Kugelkette aus 935er Silber geliefert. Preis\u00a0inklusive Kette. Weitere Produktbilder bei der [&hellip;]<\/p>\n","protected":false},"featured_media":1974,"template":"","meta":[],"product_cat":[23],"product_tag":[21],"class_list":{"0":"post-1973","1":"product","2":"type-product","3":"status-publish","4":"has-post-thumbnail","6":"product_cat-lockets","7":"product_tag-locket","9":"first","10":"instock","11":"taxable","12":"shipping-taxable","13":"purchasable","14":"product-type-simple"},"_links":{"self":[{"href":"https:\/\/mondschatz.com\/de\/wp-json\/wp\/v2\/product\/1973","targetHints":{"allow":["GET"]}}],"collection":[{"href":"https:\/\/mondschatz.com\/de\/wp-json\/wp\/v2\/product"}],"about":[{"href":"https:\/\/mondschatz.com\/de\/wp-json\/wp\/v2\/types\/product"}],"wp:featuredmedia":[{"embeddable":true,"href":"https:\/\/mondschatz.com\/de\/wp-json\/wp\/v2\/media\/1974"}],"wp:attachment":[{"href":"https:\/\/mondschatz.com\/de\/wp-json\/wp\/v2\/media?parent=1973"}],"wp:term":[{"taxonomy":"product_cat","embeddable":true,"href":"https:\/\/mondschatz.com\/de\/wp-json\/wp\/v2\/product_cat?post=1973"},{"taxonomy":"product_tag","embeddable":true,"href":"https:\/\/mondschatz.com\/de\/wp-json\/wp\/v2\/product_tag?post=1973"}],"curies":[{"name":"wp","href":"https:\/\/api.w.org\/{rel}","templated":true}]}}