{"id":1766,"date":"2017-03-09T23:19:50","date_gmt":"2017-03-09T22:19:50","guid":{"rendered":"http:\/\/mondschatz.de\/produkt\/the-face-black\/"},"modified":"2018-11-05T15:11:16","modified_gmt":"2018-11-05T14:11:16","slug":"theface-black","status":"publish","type":"product","link":"https:\/\/mondschatz.com\/de\/produkt\/theface-black\/","title":{"rendered":"The Face (Black)"},"content":{"rendered":"<p>Anh\u00e4nger Mondvorderseite geschw\u00e4rzt<\/p>\n<p>hohlmontierte Halbkugel (ca. 2,4 cm Durchmesser) aus Silber 935 mit \u00d6se, R\u00fcckseite hochglanz poliert. Halbkugel ist Miniatur-Abbildung der erdzugewandten Seite des Mondes (Gesicht des Mondes).<\/p>\n<p>Der Anh\u00e4nger wird mit einer 45cm langen, passend geschw\u00e4rzten Kugelkette aus 935er Silber geliefert.<\/p>\n<p>Preis\u00a0inklusive Kette.<\/p>\n","protected":false},"excerpt":{"rendered":"<p>Anh\u00e4nger Mondvorderseite geschw\u00e4rzt hohlmontierte Halbkugel (ca. 2,4 cm Durchmesser) aus Silber 935 mit \u00d6se, R\u00fcckseite hochglanz poliert. Halbkugel ist Miniatur-Abbildung der erdzugewandten Seite des Mondes (Gesicht des Mondes). Der Anh\u00e4nger wird mit einer 45cm langen, passend geschw\u00e4rzten Kugelkette aus 935er Silber geliefert. Preis\u00a0inklusive Kette.<\/p>\n","protected":false},"featured_media":1690,"template":"","meta":[],"product_cat":[23],"product_tag":[21],"class_list":{"0":"post-1766","1":"product","2":"type-product","3":"status-publish","4":"has-post-thumbnail","6":"product_cat-lockets","7":"product_tag-locket","9":"first","10":"instock","11":"taxable","12":"shipping-taxable","13":"purchasable","14":"product-type-simple"},"_links":{"self":[{"href":"https:\/\/mondschatz.com\/de\/wp-json\/wp\/v2\/product\/1766","targetHints":{"allow":["GET"]}}],"collection":[{"href":"https:\/\/mondschatz.com\/de\/wp-json\/wp\/v2\/product"}],"about":[{"href":"https:\/\/mondschatz.com\/de\/wp-json\/wp\/v2\/types\/product"}],"wp:featuredmedia":[{"embeddable":true,"href":"https:\/\/mondschatz.com\/de\/wp-json\/wp\/v2\/media\/1690"}],"wp:attachment":[{"href":"https:\/\/mondschatz.com\/de\/wp-json\/wp\/v2\/media?parent=1766"}],"wp:term":[{"taxonomy":"product_cat","embeddable":true,"href":"https:\/\/mondschatz.com\/de\/wp-json\/wp\/v2\/product_cat?post=1766"},{"taxonomy":"product_tag","embeddable":true,"href":"https:\/\/mondschatz.com\/de\/wp-json\/wp\/v2\/product_tag?post=1766"}],"curies":[{"name":"wp","href":"https:\/\/api.w.org\/{rel}","templated":true}]}}