{"id":1760,"date":"2017-03-09T23:11:00","date_gmt":"2017-03-09T22:11:00","guid":{"rendered":"http:\/\/mondschatz.de\/produkt\/dark-side-of-the-moon-black\/"},"modified":"2018-02-04T17:54:57","modified_gmt":"2018-02-04T16:54:57","slug":"darkside-black","status":"publish","type":"product","link":"https:\/\/mondschatz.com\/de\/produkt\/darkside-black\/","title":{"rendered":"Dark Side of the Moon (Black)"},"content":{"rendered":"<p>Anh\u00e4nger Mondr\u00fcckseite geschw\u00e4rzt<\/p>\n<p>hohlmontierte Halbkugel (ca. 2,4 cm Durchmesser) aus Silber 935 mit \u00d6se, R\u00fcckseite hochglanz poliert. Halbkugel ist Miniatur-Abbildung der erdabgewandten Seite des Mondes (\u201eThe dark side of the moon\u201c).<\/p>\n<p>Der Anh\u00e4nger wird mit einer 45cm langen, passend geschw\u00e4rzten Kugelkette aus 935er Silber geliefert.<\/p>\n<p>Preis\u00a0inklusive Kette.<\/p>\n<p>Weitere Produktbilder mit Gr\u00f6ssenvergleich siehe Ausf\u00fchrung in Silber gl\u00e4nzend.<\/p>\n","protected":false},"excerpt":{"rendered":"<p>Anh\u00e4nger Mondr\u00fcckseite geschw\u00e4rzt hohlmontierte Halbkugel (ca. 2,4 cm Durchmesser) aus Silber 935 mit \u00d6se, R\u00fcckseite hochglanz poliert. Halbkugel ist Miniatur-Abbildung der erdabgewandten Seite des Mondes (\u201eThe dark side of the moon\u201c). Der Anh\u00e4nger wird mit einer 45cm langen, passend geschw\u00e4rzten Kugelkette aus 935er Silber geliefert. Preis\u00a0inklusive Kette. Weitere Produktbilder mit Gr\u00f6ssenvergleich siehe Ausf\u00fchrung in Silber [&hellip;]<\/p>\n","protected":false},"featured_media":1685,"template":"","meta":[],"product_cat":[23],"product_tag":[],"class_list":{"0":"post-1760","1":"product","2":"type-product","3":"status-publish","4":"has-post-thumbnail","6":"product_cat-lockets","8":"first","9":"instock","10":"taxable","11":"shipping-taxable","12":"purchasable","13":"product-type-simple"},"_links":{"self":[{"href":"https:\/\/mondschatz.com\/de\/wp-json\/wp\/v2\/product\/1760","targetHints":{"allow":["GET"]}}],"collection":[{"href":"https:\/\/mondschatz.com\/de\/wp-json\/wp\/v2\/product"}],"about":[{"href":"https:\/\/mondschatz.com\/de\/wp-json\/wp\/v2\/types\/product"}],"wp:featuredmedia":[{"embeddable":true,"href":"https:\/\/mondschatz.com\/de\/wp-json\/wp\/v2\/media\/1685"}],"wp:attachment":[{"href":"https:\/\/mondschatz.com\/de\/wp-json\/wp\/v2\/media?parent=1760"}],"wp:term":[{"taxonomy":"product_cat","embeddable":true,"href":"https:\/\/mondschatz.com\/de\/wp-json\/wp\/v2\/product_cat?post=1760"},{"taxonomy":"product_tag","embeddable":true,"href":"https:\/\/mondschatz.com\/de\/wp-json\/wp\/v2\/product_tag?post=1760"}],"curies":[{"name":"wp","href":"https:\/\/api.w.org\/{rel}","templated":true}]}}