{"id":491,"date":"2016-11-08T20:10:43","date_gmt":"2016-11-08T20:10:43","guid":{"rendered":"http:\/\/mondschatz.com\/?page_id=491"},"modified":"2016-11-27T21:33:16","modified_gmt":"2016-11-27T20:33:16","slug":"extras","status":"publish","type":"page","link":"https:\/\/mondschatz.com\/de\/extras\/","title":{"rendered":"Extras"},"content":{"rendered":"\n<style type=\"text\/css\" data-created_by=\"avia_inline_auto\" id=\"style-css-av-av_section-eeeab2d69d26d38255e1929dde3c1dab\">\n.avia-section.av-av_section-eeeab2d69d26d38255e1929dde3c1dab .av-parallax .av-parallax-inner{\nbackground-repeat:no-repeat;\nbackground-image:url(https:\/\/mondschatz.com\/wp-content\/uploads\/2016\/11\/bg-ringmeasure_v002.jpg);\nbackground-position:50% 50%;\nbackground-attachment:scroll;\n}\n<\/style>\n<div id='av_section_1'  class='avia-section av-av_section-eeeab2d69d26d38255e1929dde3c1dab main_color avia-section-no-padding avia-no-shadow  avia-builder-el-0  avia-builder-el-no-sibling  avia-full-stretch av-parallax-section avia-bg-style-parallax container_wrap fullsize'  data-section-bg-repeat='stretch'><div class='av-parallax' data-avia-parallax-ratio='0.3' ><div class='av-parallax-inner main_color avia-full-stretch'><\/div><\/div><div class='container av-section-cont-open' ><main  role=\"main\" itemprop=\"mainContentOfPage\"  class='template-page content  av-content-full alpha units'><div class='post-entry post-entry-type-page post-entry-491'><div class='entry-content-wrapper clearfix'>\n\n<style type=\"text\/css\" data-created_by=\"avia_inline_auto\" id=\"style-css-av-av_hr-a158a4fce9bf6e87e2658510a7fda811\">\n#top .hr.av-av_hr-a158a4fce9bf6e87e2658510a7fda811{\nmargin-top:30px;\nmargin-bottom:30px;\n}\n.hr.av-av_hr-a158a4fce9bf6e87e2658510a7fda811 .hr-inner{\nwidth:50px;\nborder-color:rgba(0,0,0,0.01);\n}\n<\/style>\n<div  class='hr av-av_hr-a158a4fce9bf6e87e2658510a7fda811 hr-custom  avia-builder-el-1  el_before_av_two_third  avia-builder-el-first  hr-center hr-icon-no'><span class='hr-inner inner-border-av-border-thin'><span class=\"hr-inner-style\"><\/span><\/span><\/div>\n\n<style type=\"text\/css\" data-created_by=\"avia_inline_auto\" id=\"style-css-av-av_two_third-9b4d547bd08ff098de089fb50e4419b6\">\n.flex_column.av-av_two_third-9b4d547bd08ff098de089fb50e4419b6{\nborder-radius:0px 0px 0px 0px;\npadding:0px 0px 0px 0px;\n}\n<\/style>\n<div  class='flex_column av-av_two_third-9b4d547bd08ff098de089fb50e4419b6 av_two_third  avia-builder-el-2  el_after_av_hr  el_before_av_one_third  first flex_column_div av-zero-column-padding avia-full-stretch  '     ><section  class='av_textblock_section av-av_textblock-0366cc7376be6c9e82a3e9cc8987b64f '   itemscope=\"itemscope\" itemtype=\"https:\/\/schema.org\/CreativeWork\" ><div class='avia_textblock'  itemprop=\"text\" ><h3>H\u00e4ufige Fragen<\/h3>\n<p>Wie ermitteln Sie die gew\u00fcnschte Ringgr\u00f6\u00dfe?<\/p>\n<p>1.) Beim Juwelier oder Goldschmied Ihren Finger (oder einen passenden Ring) direkt messen lassen<\/p>\n<p>2.) Innendurchmesser eines Rings mit einem Messschieber oder einem Lineal bestimmen, Gr\u00f6sse in der Tabelle nachschauen &#8211; oder den Umfang des Fingers mit einem Papierstreifen bestimmen, und ebenfalls die Gr\u00f6sse in der Tabelle nachschauen<\/p>\n<p>3.) \u201eRingschablone pdf\u201c googeln, ausdrucken und probieren, welche Lochgr\u00f6sse auf Ihren Finger passt, es gibt einige Schablonen zum Download<\/p>\n<h3><\/h3>\n<h3><\/h3>\n<\/div><\/section><br \/>\n\n<style type=\"text\/css\" data-created_by=\"avia_inline_auto\" id=\"style-css-av-av_hr-0d3ceba4c3ddfbc2891e3bbbe33ad47c\">\n#top .hr.av-av_hr-0d3ceba4c3ddfbc2891e3bbbe33ad47c{\nmargin-top:30px;\nmargin-bottom:30px;\n}\n.hr.av-av_hr-0d3ceba4c3ddfbc2891e3bbbe33ad47c .hr-inner{\nwidth:50px;\nmax-width:45%;\n}\n<\/style>\n<div  class='hr av-av_hr-0d3ceba4c3ddfbc2891e3bbbe33ad47c hr-custom  avia-builder-el-4  el_after_av_textblock  el_before_av_textblock  hr-center hr-icon-yes'><span class='hr-inner inner-border-av-border-none'><span class=\"hr-inner-style\"><\/span><\/span><span class='av-seperator-icon' aria-hidden='true' data-av_icon='\ue808' data-av_iconfont='entypo-fontello'><\/span><span class='hr-inner inner-border-av-border-none'><span class=\"hr-inner-style\"><\/span><\/span><\/div><br \/>\n<section  class='av_textblock_section av-av_textblock-0366cc7376be6c9e82a3e9cc8987b64f '   itemscope=\"itemscope\" itemtype=\"https:\/\/schema.org\/CreativeWork\" ><div class='avia_textblock'  itemprop=\"text\" ><h3>Varianten<\/h3>\n<p>Alle Schmuckst\u00fccke sind auf Anfrage auch in anderen Edelmetalllegierungen (Gold, Platin) erh\u00e4ltlich.<\/p>\n<p>Gerne k\u00f6nnen wir auch gegen einen Aufpreis von 50,- EUR einen kleinen Brillanten an eine von Ihnen gew\u00fcnschte Stelle des Schmuckst\u00fccks einsetzen.<\/p>\n<p>Schicken Sie uns bitte Ihre Anfrage an mail@mondschatz.com!<\/p>\n<\/div><\/section><br \/>\n\n<style type=\"text\/css\" data-created_by=\"avia_inline_auto\" id=\"style-css-av-av_hr-0d3ceba4c3ddfbc2891e3bbbe33ad47c\">\n#top .hr.av-av_hr-0d3ceba4c3ddfbc2891e3bbbe33ad47c{\nmargin-top:30px;\nmargin-bottom:30px;\n}\n.hr.av-av_hr-0d3ceba4c3ddfbc2891e3bbbe33ad47c .hr-inner{\nwidth:50px;\nmax-width:45%;\n}\n<\/style>\n<div  class='hr av-av_hr-0d3ceba4c3ddfbc2891e3bbbe33ad47c hr-custom  avia-builder-el-6  el_after_av_textblock  el_before_av_textblock  hr-center hr-icon-yes'><span class='hr-inner inner-border-av-border-none'><span class=\"hr-inner-style\"><\/span><\/span><span class='av-seperator-icon' aria-hidden='true' data-av_icon='\ue808' data-av_iconfont='entypo-fontello'><\/span><span class='hr-inner inner-border-av-border-none'><span class=\"hr-inner-style\"><\/span><\/span><\/div><br \/>\n<section  class='av_textblock_section av-av_textblock-0366cc7376be6c9e82a3e9cc8987b64f '   itemscope=\"itemscope\" itemtype=\"https:\/\/schema.org\/CreativeWork\" ><div class='avia_textblock'  itemprop=\"text\" ><h3>Wichtig<\/h3>\n<p>\u2022 Die Finger der linken\/rechten Hand k\u00f6nnen unterschiedlich gross sein. Bitte berechnen Sie die Ringgr\u00f6\u00dfe an der Hand, an der der Ring getragen wird.<br \/>\n\u2022 Je niedriger die Temperatur, desto d\u00fcnner die Finger, daher gilt: Finger sind im Winter minimal d\u00fcnner als im Sommer. Ausserdem sind Finger am Morgen meist d\u00fcnner als abends.<br \/>\n\u2022 Der Fingerumfang \u00e4ndert sich im Laufe Ihres Lebens, deswegen sollten Sie sich bitte nicht auf vor langer Zeit mal gemessene Ringgr\u00f6\u00dfen verlassen. Ermitteln Sie Ihre Ringgr\u00f6\u00dfe m\u00f6glichst direkt vor dem Kauf.<br \/>\n\u2022 F\u00fcr breite Ringe wie unsere Mondringe empfehlen wir Ihnen eine Nummer gr\u00f6\u00dfer zu nehmen.<\/p>\n<\/div><\/section><br \/>\n\n<style type=\"text\/css\" data-created_by=\"avia_inline_auto\" id=\"style-css-av-av_hr-0d3ceba4c3ddfbc2891e3bbbe33ad47c\">\n#top .hr.av-av_hr-0d3ceba4c3ddfbc2891e3bbbe33ad47c{\nmargin-top:30px;\nmargin-bottom:30px;\n}\n.hr.av-av_hr-0d3ceba4c3ddfbc2891e3bbbe33ad47c .hr-inner{\nwidth:50px;\nmax-width:45%;\n}\n<\/style>\n<div  class='hr av-av_hr-0d3ceba4c3ddfbc2891e3bbbe33ad47c hr-custom  avia-builder-el-8  el_after_av_textblock  avia-builder-el-last  hr-center hr-icon-yes'><span class='hr-inner inner-border-av-border-none'><span class=\"hr-inner-style\"><\/span><\/span><span class='av-seperator-icon' aria-hidden='true' data-av_icon='\ue808' data-av_iconfont='entypo-fontello'><\/span><span class='hr-inner inner-border-av-border-none'><span class=\"hr-inner-style\"><\/span><\/span><\/div><\/p><\/div>\n<style type=\"text\/css\" data-created_by=\"avia_inline_auto\" id=\"style-css-av-av_one_third-0aa7055fe62c3622faec82866afbaeb2\">\n.flex_column.av-av_one_third-0aa7055fe62c3622faec82866afbaeb2{\nborder-radius:0px 0px 0px 0px;\npadding:0px 0px 0px 0px;\n}\n<\/style>\n<div  class='flex_column av-av_one_third-0aa7055fe62c3622faec82866afbaeb2 av_one_third  avia-builder-el-9  el_after_av_two_third  avia-builder-el-last  flex_column_div av-zero-column-padding  '     ><style type=\"text\/css\" data-created_by=\"avia_inline_auto\" id=\"style-css-av-av_textblock-6c4e1785a8f9bdc54e3d7bcb70f1c1bc\">\n#top .av_textblock_section.av-av_textblock-6c4e1785a8f9bdc54e3d7bcb70f1c1bc .avia_textblock{\nfont-size:10px;\n}\n<\/style>\n<section  class='av_textblock_section av-av_textblock-6c4e1785a8f9bdc54e3d7bcb70f1c1bc '   itemscope=\"itemscope\" itemtype=\"https:\/\/schema.org\/CreativeWork\" ><div class='avia_textblock'  itemprop=\"text\" ><table cellspacing=\"0\" cellpadding=\"0\">\n<tbody>\n<tr>\n<td valign=\"middle\">\n<p align=\"center\"><span style=\"color: #444444; font-family: Titillium; font-size: small;\"><b>Durchmesser<\/b><\/span><\/p>\n<\/td>\n<td valign=\"middle\">\n<p align=\"center\"><span style=\"color: #444444; font-family: Titillium; font-size: small;\"><b>Gr\u00f6\u00dfe<\/b><\/span><\/p>\n<\/td>\n<\/tr>\n<tr>\n<td valign=\"middle\">\n<p align=\"center\"><span style=\"color: #000000; font-family: Titillium; font-size: small;\">15,4<\/span><\/p>\n<\/td>\n<td valign=\"middle\">\n<p align=\"center\"><span style=\"color: #000000; font-family: Titillium; font-size: small;\">48<\/span><\/p>\n<\/td>\n<\/tr>\n<tr>\n<td valign=\"middle\">\n<p align=\"center\"><span style=\"color: #000000; font-family: Titillium; font-size: small;\">15,7<\/span><\/p>\n<\/td>\n<td valign=\"middle\">\n<p align=\"center\"><span style=\"color: #000000; font-family: Titillium; font-size: small;\">49<\/span><\/p>\n<\/td>\n<\/tr>\n<tr>\n<td valign=\"middle\">\n<p align=\"center\"><span style=\"color: #000000; font-family: Titillium; font-size: small;\">16,0<\/span><\/p>\n<\/td>\n<td valign=\"middle\">\n<p align=\"center\"><span style=\"color: #000000; font-family: Titillium; font-size: small;\">50<\/span><\/p>\n<\/td>\n<\/tr>\n<tr>\n<td valign=\"middle\">\n<p align=\"center\"><span style=\"color: #000000; font-family: Titillium; font-size: small;\">16,3<\/span><\/p>\n<\/td>\n<td valign=\"middle\">\n<p align=\"center\"><span style=\"color: #000000; font-family: Titillium; font-size: small;\">51<\/span><\/p>\n<\/td>\n<\/tr>\n<tr>\n<td valign=\"middle\">\n<p align=\"center\"><span style=\"color: #000000; font-family: Titillium; font-size: small;\">16,7<\/span><\/p>\n<\/td>\n<td valign=\"middle\">\n<p align=\"center\"><span style=\"color: #000000; font-family: Titillium; font-size: small;\">52<\/span><\/p>\n<\/td>\n<\/tr>\n<tr>\n<td valign=\"middle\">\n<p align=\"center\"><span style=\"color: #000000; font-family: Titillium; font-size: small;\">17,0<\/span><\/p>\n<\/td>\n<td valign=\"middle\">\n<p align=\"center\"><span style=\"color: #000000; font-family: Titillium; font-size: small;\">53<\/span><\/p>\n<\/td>\n<\/tr>\n<tr>\n<td valign=\"middle\">\n<p align=\"center\"><span style=\"color: #000000; font-family: Titillium; font-size: small;\">17,3<\/span><\/p>\n<\/td>\n<td valign=\"middle\">\n<p align=\"center\"><span style=\"color: #000000; font-family: Titillium; font-size: small;\">54<\/span><\/p>\n<\/td>\n<\/tr>\n<tr>\n<td valign=\"middle\">\n<p align=\"center\"><span style=\"color: #000000; font-family: Titillium; font-size: small;\">17,6<\/span><\/p>\n<\/td>\n<td valign=\"middle\">\n<p align=\"center\"><span style=\"color: #000000; font-family: Titillium; font-size: small;\">55<\/span><\/p>\n<\/td>\n<\/tr>\n<tr>\n<td valign=\"middle\">\n<p align=\"center\"><span style=\"color: #000000; font-family: Titillium; font-size: small;\">17,9<\/span><\/p>\n<\/td>\n<td valign=\"middle\">\n<p align=\"center\"><span style=\"color: #000000; font-family: Titillium; font-size: small;\">56<\/span><\/p>\n<\/td>\n<\/tr>\n<tr>\n<td valign=\"middle\">\n<p align=\"center\"><span style=\"color: #000000; font-family: Titillium; font-size: small;\">18,2<\/span><\/p>\n<\/td>\n<td valign=\"middle\">\n<p align=\"center\"><span style=\"color: #000000; font-family: Titillium; font-size: small;\">57<\/span><\/p>\n<\/td>\n<\/tr>\n<tr>\n<td valign=\"middle\">\n<p align=\"center\"><span style=\"color: #000000; font-family: Titillium; font-size: small;\">18,5<\/span><\/p>\n<\/td>\n<td valign=\"middle\">\n<p align=\"center\"><span style=\"color: #000000; font-family: Titillium; font-size: small;\">58<\/span><\/p>\n<\/td>\n<\/tr>\n<tr>\n<td valign=\"middle\">\n<p align=\"center\"><span style=\"color: #000000; font-family: Titillium; font-size: small;\">18,8<\/span><\/p>\n<\/td>\n<td valign=\"middle\">\n<p align=\"center\"><span style=\"color: #000000; font-family: Titillium; font-size: small;\">59<\/span><\/p>\n<\/td>\n<\/tr>\n<tr>\n<td valign=\"middle\">\n<p align=\"center\"><span style=\"color: #000000; font-family: Titillium; font-size: small;\">19,2<\/span><\/p>\n<\/td>\n<td valign=\"middle\">\n<p align=\"center\"><span style=\"color: #000000; font-family: Titillium; font-size: small;\">60<\/span><\/p>\n<\/td>\n<\/tr>\n<tr>\n<td valign=\"middle\">\n<p align=\"center\"><span style=\"color: #000000; font-family: Titillium; font-size: small;\">19,5<\/span><\/p>\n<\/td>\n<td valign=\"middle\">\n<p align=\"center\"><span style=\"color: #000000; font-family: Titillium; font-size: small;\">61<\/span><\/p>\n<\/td>\n<\/tr>\n<tr>\n<td valign=\"middle\">\n<p align=\"center\"><span style=\"color: #000000; font-family: Titillium; font-size: small;\">19,8<\/span><\/p>\n<\/td>\n<td valign=\"middle\">\n<p align=\"center\"><span style=\"color: #000000; font-family: Titillium; font-size: small;\">62<\/span><\/p>\n<\/td>\n<\/tr>\n<tr>\n<td valign=\"middle\">\n<p align=\"center\"><span style=\"color: #000000; font-family: Titillium; font-size: small;\">20,1<\/span><\/p>\n<\/td>\n<td valign=\"middle\">\n<p align=\"center\"><span style=\"color: #000000; font-family: Titillium; font-size: small;\">63<\/span><\/p>\n<\/td>\n<\/tr>\n<tr>\n<td valign=\"middle\">\n<p align=\"center\"><span style=\"color: #000000; font-family: Titillium; font-size: small;\">20,4<\/span><\/p>\n<\/td>\n<td valign=\"middle\">\n<p align=\"center\"><span style=\"color: #000000; font-family: Titillium; font-size: small;\">64<\/span><\/p>\n<\/td>\n<\/tr>\n<\/tbody>\n<\/table>\n<\/div><\/section><\/div>\n","protected":false},"excerpt":{"rendered":"","protected":false},"author":1,"featured_media":0,"parent":0,"menu_order":0,"comment_status":"closed","ping_status":"closed","template":"","meta":{"footnotes":""},"class_list":["post-491","page","type-page","status-publish","hentry"],"_links":{"self":[{"href":"https:\/\/mondschatz.com\/de\/wp-json\/wp\/v2\/pages\/491","targetHints":{"allow":["GET"]}}],"collection":[{"href":"https:\/\/mondschatz.com\/de\/wp-json\/wp\/v2\/pages"}],"about":[{"href":"https:\/\/mondschatz.com\/de\/wp-json\/wp\/v2\/types\/page"}],"author":[{"embeddable":true,"href":"https:\/\/mondschatz.com\/de\/wp-json\/wp\/v2\/users\/1"}],"replies":[{"embeddable":true,"href":"https:\/\/mondschatz.com\/de\/wp-json\/wp\/v2\/comments?post=491"}],"version-history":[{"count":42,"href":"https:\/\/mondschatz.com\/de\/wp-json\/wp\/v2\/pages\/491\/revisions"}],"predecessor-version":[{"id":1048,"href":"https:\/\/mondschatz.com\/de\/wp-json\/wp\/v2\/pages\/491\/revisions\/1048"}],"wp:attachment":[{"href":"https:\/\/mondschatz.com\/de\/wp-json\/wp\/v2\/media?parent=491"}],"curies":[{"name":"wp","href":"https:\/\/api.w.org\/{rel}","templated":true}]}}