{"id":367,"date":"2014-07-21T15:59:54","date_gmt":"2014-07-21T15:59:54","guid":{"rendered":"http:\/\/192.168.1.104\/restaurant-op\/?page_id=367"},"modified":"2020-11-30T20:03:10","modified_gmt":"2020-11-30T19:03:10","slug":"frontpage","status":"publish","type":"page","link":"https:\/\/mondschatz.com\/de\/","title":{"rendered":"Frontpage"},"content":{"rendered":"<div id='home'  class='avia-section av-28yxs7-971744308e8a5cb0b4720833b8288c6c main_color avia-section-no-padding avia-no-border-styling  avia-builder-el-0  el_before_av_fullscreen  avia-builder-el-first  avia-bg-style-scroll container_wrap fullsize'  ><div class='container av-section-cont-open' ><main  role=\"main\" itemprop=\"mainContentOfPage\"  class='template-page content  av-content-full alpha units'><div class='post-entry post-entry-type-page post-entry-367'><div class='entry-content-wrapper clearfix'>\n<\/div><\/div><\/main><!-- close content main element --><\/div><\/div><div   class='avia-fullscreen-slider main_color   avia-builder-el-1  el_after_av_section  el_before_av_hr  slider-not-first container_wrap fullsize'  >\n<style type=\"text\/css\" data-created_by=\"avia_inline_auto\" id=\"style-css-av-ki21a0b7-cab57beca77fad9e570ef4aed55806be\">\n#top .avia-slideshow .av-slideshow-caption.av-ki21a0b7-cab57beca77fad9e570ef4aed55806be__0 .avia-caption-content{\nfont-size:60px;\n}\n#top .avia-slideshow .av-slideshow-caption.av-ki21a0b7-cab57beca77fad9e570ef4aed55806be__0 .avia-caption-content p{\nfont-size:60px;\n}\n#top .avia-slideshow .av-slideshow-caption.av-ki21a0b7-cab57beca77fad9e570ef4aed55806be__1 .avia-caption-content{\nfont-size:50px;\n}\n#top .avia-slideshow .av-slideshow-caption.av-ki21a0b7-cab57beca77fad9e570ef4aed55806be__1 .avia-caption-content p{\nfont-size:50px;\n}\n#top .avia-slideshow .av-slideshow-caption.av-ki21a0b7-cab57beca77fad9e570ef4aed55806be__2 .avia-caption-content{\nfont-size:60px;\n}\n#top .avia-slideshow .av-slideshow-caption.av-ki21a0b7-cab57beca77fad9e570ef4aed55806be__2 .avia-caption-content p{\nfont-size:60px;\n}\n<\/style>\n<a href='#next-section' title='' class='scroll-down-link av-control-minimal' aria-hidden='true' data-av_icon='\ue877' data-av_iconfont='entypo-fontello'><\/a><div  class='avia-slideshow av-ki21a0b7-cab57beca77fad9e570ef4aed55806be avia-slideshow-extra_large av_fullscreen avia-fade-slider av-slideshow-ui av-control-minimal av-slideshow-autoplay av-loop-endless av-loop-manual-endless av-slider-scroll-down-active av-default-height-applied   avia-slideshow-1' data-slideshow-options=\"{&quot;animation&quot;:&quot;fade&quot;,&quot;autoplay&quot;:true,&quot;loop_autoplay&quot;:&quot;endless&quot;,&quot;interval&quot;:5,&quot;loop_manual&quot;:&quot;manual-endless&quot;,&quot;autoplay_stopper&quot;:false,&quot;noNavigation&quot;:false,&quot;bg_slider&quot;:true,&quot;keep_padding&quot;:false,&quot;hoverpause&quot;:false,&quot;show_slide_delay&quot;:0,&quot;slide_height&quot;:&quot;100&quot;,&quot;image_attachment&quot;:&quot;&quot;}\"  itemprop=\"image\" itemscope=\"itemscope\" itemtype=\"https:\/\/schema.org\/ImageObject\" ><ul class='avia-slideshow-inner ' style='padding-bottom: 83.266666666667%;'><li style='background-position:top left;' data-img-url='https:\/\/mondschatz.com\/wp-content\/uploads\/2016\/11\/slider-rings_v001-1500x1249.jpg' class='avia-slideshow-slide av-ki21a0b7-cab57beca77fad9e570ef4aed55806be__0  slide-1 slide-odd'><div data-rel='slideshow-1' class='avia-slide-wrap '   ><div class='av-slideshow-caption av-ki21a0b7-cab57beca77fad9e570ef4aed55806be__0 caption_fullwidth caption_center'><div class=\"container caption_container\"><div class=\"slideshow_caption\"><div class=\"slideshow_inner_caption\"><div class=\"slideshow_align_caption\"><div class='avia-caption-content '  itemprop=\"description\" ><p>Hol Dir den Mond vom Himmel<\/p>\n<\/div><a href='https:\/\/www.mondschatz.com\/de\/shop'  class='avia-slideshow-button avia-button avia-color-light ' data-duration='800' data-easing='easeInOutQuad'>Hier gehts zum Shop<\/a><\/div><\/div><\/div><\/div><\/div><\/div><\/li><li style='background-position:top left;' data-img-url='https:\/\/mondschatz.com\/wp-content\/uploads\/2014\/07\/slider-locket_v003.jpg' class='avia-slideshow-slide av-ki21a0b7-cab57beca77fad9e570ef4aed55806be__1  slide-2 slide-even'><div data-rel='slideshow-1' class='avia-slide-wrap '   ><div class='av-slideshow-caption av-ki21a0b7-cab57beca77fad9e570ef4aed55806be__1 caption_fullwidth caption_center'><div class=\"container caption_container\"><div class=\"slideshow_caption\"><div class=\"slideshow_inner_caption\"><div class=\"slideshow_align_caption\"><div class='avia-caption-content '  itemprop=\"description\" ><p>Schmuckst\u00fccke f\u00fcr Astronauten, Topographen, Paare, Prinzessinnen, Schatzsucher und Monds\u00fcchtige&#8230;<\/p>\n<\/div><a href='https:\/\/www.mondschatz.com\/de\/shop'  class='avia-slideshow-button avia-button avia-color-light ' data-duration='800' data-easing='easeInOutQuad'>Hier gehts zum Shop<\/a><\/div><\/div><\/div><\/div><\/div><\/div><\/li><li style='background-position:top left;' data-img-url='https:\/\/mondschatz.com\/wp-content\/uploads\/2016\/11\/slider-sputnik_v001-1500x1014.jpg' class='avia-slideshow-slide av-ki21a0b7-cab57beca77fad9e570ef4aed55806be__2  slide-3 slide-odd'><div data-rel='slideshow-1' class='avia-slide-wrap '   ><div class='av-slideshow-caption av-ki21a0b7-cab57beca77fad9e570ef4aed55806be__2 caption_fullwidth caption_center'><div class=\"container caption_container\"><div class=\"slideshow_caption\"><div class=\"slideshow_inner_caption\"><div class=\"slideshow_align_caption\"><a href='https:\/\/www.mondschatz.com\/de\/shop'  class='avia-slideshow-button avia-button avia-color-light ' data-duration='800' data-easing='easeInOutQuad'>Hier gehts zum Shop<\/a><\/div><\/div><\/div><\/div><\/div><\/div><\/li><\/ul><div class='avia-slideshow-arrows avia-slideshow-controls' ><a href='#prev' class='prev-slide ' aria-hidden='true' data-av_icon='\ue87c' data-av_iconfont='entypo-fontello'  tabindex='-1'>Zur\u00fcck<\/a><a href='#next' class='next-slide ' aria-hidden='true' data-av_icon='\ue87d' data-av_iconfont='entypo-fontello'  tabindex='-1'>Weiter<\/a><\/div><div class='avia-slideshow-dots avia-slideshow-controls'><a href='#1' class='goto-slide active' >1<\/a><a href='#2' class='goto-slide ' >2<\/a><a href='#3' class='goto-slide ' >3<\/a><\/div><\/div><\/div><div id='after_full_slider_1'  class='main_color av_default_container_wrap container_wrap fullsize'  ><div class='container av-section-cont-open' ><div class='template-page content  av-content-full alpha units'><div class='post-entry post-entry-type-page post-entry-367'><div class='entry-content-wrapper clearfix'>\n<div  class='hr av-1lup4v-18b1e20da8b4e457419c624786a9ec3c hr-default  avia-builder-el-2  el_after_av_fullscreen  el_before_av_fullscreen  avia-builder-el-no-sibling '><span class='hr-inner '><span class=\"hr-inner-style\"><\/span><\/span><\/div>\n<\/div><\/div><\/div><!-- close content main div --><\/div><\/div><div   class='avia-fullscreen-slider main_color   avia-builder-el-3  el_after_av_hr  el_before_av_hr  slider-not-first container_wrap fullsize'  ><div  class='avia-slideshow av-ki21a68h-a75b63b77b9ed51e58e6b083e3e27926 avia-slideshow-extra_large av_fullscreen avia-slide-slider av-slideshow-ui av-control-default av-slideshow-manual av-loop-once av-loop-manual-endless av-default-height-applied   avia-slideshow-2' data-slideshow-options=\"{&quot;animation&quot;:&quot;slide&quot;,&quot;autoplay&quot;:false,&quot;loop_autoplay&quot;:&quot;once&quot;,&quot;interval&quot;:5,&quot;loop_manual&quot;:&quot;manual-endless&quot;,&quot;autoplay_stopper&quot;:false,&quot;noNavigation&quot;:false,&quot;bg_slider&quot;:true,&quot;keep_padding&quot;:false,&quot;hoverpause&quot;:false,&quot;show_slide_delay&quot;:0,&quot;slide_height&quot;:&quot;100&quot;,&quot;image_attachment&quot;:&quot;&quot;}\"  itemprop=\"image\" itemscope=\"itemscope\" itemtype=\"https:\/\/schema.org\/ImageObject\" ><ul class='avia-slideshow-inner ' style='padding-bottom: 79.39453125%;'><li style='background-position:top left;' data-img-url='https:\/\/mondschatz.com\/wp-content\/uploads\/2016\/11\/princess_v001.jpg' class='avia-slideshow-slide av-ki21a68h-a75b63b77b9ed51e58e6b083e3e27926__0  slide-1 slide-odd'><div data-rel='slideshow-2' class='avia-slide-wrap '   ><div class='av-slideshow-caption av-ki21a68h-a75b63b77b9ed51e58e6b083e3e27926__0 caption_fullwidth caption_bottom'><div class=\"container caption_container\"><div class=\"slideshow_caption\"><div class=\"slideshow_inner_caption\"><div class=\"slideshow_align_caption\"><h2 class='avia-caption-title '  itemprop=\"name\" >F\u00fcr Prinzessinnen<\/h2><\/div><\/div><\/div><\/div><\/div><\/div><\/li><li style='background-position:top left;' data-img-url='https:\/\/mondschatz.com\/wp-content\/uploads\/2016\/11\/pirates_v001.jpg' class='avia-slideshow-slide av-ki21a68h-a75b63b77b9ed51e58e6b083e3e27926__1  slide-2 slide-even'><div data-rel='slideshow-2' class='avia-slide-wrap '   ><div class='av-slideshow-caption av-ki21a68h-a75b63b77b9ed51e58e6b083e3e27926__1 caption_fullwidth caption_bottom'><div class=\"container caption_container\"><div class=\"slideshow_caption\"><div class=\"slideshow_inner_caption\"><div class=\"slideshow_align_caption\"><h2 class='avia-caption-title '  itemprop=\"name\" >F\u00fcr Schatzsucher<\/h2><\/div><\/div><\/div><\/div><\/div><\/div><\/li><li style='background-position:top left;' data-img-url='https:\/\/mondschatz.com\/wp-content\/uploads\/2016\/11\/astronauts_v001.jpg' class='avia-slideshow-slide av-ki21a68h-a75b63b77b9ed51e58e6b083e3e27926__2  slide-3 slide-odd'><div data-rel='slideshow-2' class='avia-slide-wrap '   ><div class='av-slideshow-caption av-ki21a68h-a75b63b77b9ed51e58e6b083e3e27926__2 caption_fullwidth caption_bottom'><div class=\"container caption_container\"><div class=\"slideshow_caption\"><div class=\"slideshow_inner_caption\"><div class=\"slideshow_align_caption\"><h2 class='avia-caption-title '  itemprop=\"name\" >F\u00fcr Astronauten<\/h2><\/div><\/div><\/div><\/div><\/div><\/div><\/li><\/ul><div class='avia-slideshow-arrows avia-slideshow-controls' ><a href='#prev' class='prev-slide ' aria-hidden='true' data-av_icon='\ue87c' data-av_iconfont='entypo-fontello'  tabindex='-1'>Zur\u00fcck<\/a><a href='#next' class='next-slide ' aria-hidden='true' data-av_icon='\ue87d' data-av_iconfont='entypo-fontello'  tabindex='-1'>Weiter<\/a><\/div><div class='avia-slideshow-dots avia-slideshow-controls'><a href='#1' class='goto-slide active' >1<\/a><a href='#2' class='goto-slide ' >2<\/a><a href='#3' class='goto-slide ' >3<\/a><\/div><\/div><\/div><div id='after_full_slider_2'  class='main_color av_default_container_wrap container_wrap fullsize'  ><div class='container av-section-cont-open' ><div class='template-page content  av-content-full alpha units'><div class='post-entry post-entry-type-page post-entry-367'><div class='entry-content-wrapper clearfix'>\n<div  class='hr av-l5k6f-6a399e25005be203450ebaeaaaa3774d hr-default  avia-builder-el-4  el_after_av_fullscreen  el_before_av_fullscreen  avia-builder-el-no-sibling '><span class='hr-inner '><span class=\"hr-inner-style\"><\/span><\/span><\/div>\n<\/div><\/div><\/div><!-- close content main div --><\/div><\/div><div   class='avia-fullscreen-slider main_color   avia-builder-el-5  el_after_av_hr  avia-builder-el-last  slider-not-first container_wrap fullsize'  ><div  class='avia-slideshow av-hpz3r-a5a68fab25d4ee88cb733a8de9957e21 avia-slideshow-extra_large av_fullscreen avia-slide-slider av-slideshow-ui av-control-hidden av-no-slider-navigation av-hide-nav-arrows av-slideshow-manual av-loop-once av-loop-manual-endless av-default-height-applied   avia-slideshow-3' data-slideshow-options=\"{&quot;animation&quot;:&quot;slide&quot;,&quot;autoplay&quot;:false,&quot;loop_autoplay&quot;:&quot;once&quot;,&quot;interval&quot;:5,&quot;loop_manual&quot;:&quot;manual-endless&quot;,&quot;autoplay_stopper&quot;:false,&quot;noNavigation&quot;:true,&quot;bg_slider&quot;:true,&quot;keep_padding&quot;:false,&quot;hoverpause&quot;:false,&quot;show_slide_delay&quot;:0,&quot;slide_height&quot;:&quot;100&quot;,&quot;image_attachment&quot;:&quot;scroll&quot;}\"  itemprop=\"image\" itemscope=\"itemscope\" itemtype=\"https:\/\/schema.org\/ImageObject\" ><ul class='avia-slideshow-inner ' style='padding-bottom: 86.9140625%;'><li style='background-position:top left;' data-img-url='https:\/\/mondschatz.com\/wp-content\/uploads\/2016\/11\/head-rings_v002.jpg' class='avia-slideshow-slide av-hpz3r-a5a68fab25d4ee88cb733a8de9957e21__0  av-single-slide slide-1 slide-odd'><a href=\"shop\"  data-rel='slideshow-3' class='avia-slide-wrap '   ><div class='av-slideshow-caption av-hpz3r-a5a68fab25d4ee88cb733a8de9957e21__0 caption_fullwidth caption_bottom'><div class=\"container caption_container\"><div class=\"slideshow_caption\"><div class=\"slideshow_inner_caption\"><div class=\"slideshow_align_caption\"><h2 class='avia-caption-title '  itemprop=\"name\" >Zum Shop<\/h2><\/div><\/div><\/div><\/div><\/div><\/a><\/li><\/ul><\/div><\/div>","protected":false},"excerpt":{"rendered":"","protected":false},"author":1,"featured_media":0,"parent":0,"menu_order":0,"comment_status":"closed","ping_status":"open","template":"","meta":{"footnotes":""},"class_list":["post-367","page","type-page","status-publish","hentry"],"_links":{"self":[{"href":"https:\/\/mondschatz.com\/de\/wp-json\/wp\/v2\/pages\/367","targetHints":{"allow":["GET"]}}],"collection":[{"href":"https:\/\/mondschatz.com\/de\/wp-json\/wp\/v2\/pages"}],"about":[{"href":"https:\/\/mondschatz.com\/de\/wp-json\/wp\/v2\/types\/page"}],"author":[{"embeddable":true,"href":"https:\/\/mondschatz.com\/de\/wp-json\/wp\/v2\/users\/1"}],"replies":[{"embeddable":true,"href":"https:\/\/mondschatz.com\/de\/wp-json\/wp\/v2\/comments?post=367"}],"version-history":[{"count":75,"href":"https:\/\/mondschatz.com\/de\/wp-json\/wp\/v2\/pages\/367\/revisions"}],"predecessor-version":[{"id":3840,"href":"https:\/\/mondschatz.com\/de\/wp-json\/wp\/v2\/pages\/367\/revisions\/3840"}],"wp:attachment":[{"href":"https:\/\/mondschatz.com\/de\/wp-json\/wp\/v2\/media?parent=367"}],"curies":[{"name":"wp","href":"https:\/\/api.w.org\/{rel}","templated":true}]}}