{"id":1158,"date":"2017-02-05T10:42:27","date_gmt":"2017-02-05T09:42:27","guid":{"rendered":"http:\/\/mondschatz.com\/?page_id=1158"},"modified":"2017-03-05T19:20:16","modified_gmt":"2017-03-05T18:20:16","slug":"makingofapollo","status":"publish","type":"page","link":"https:\/\/mondschatz.com\/de\/makingofapollo\/","title":{"rendered":"Making of Apollo (SP)"},"content":{"rendered":"<section  class='av_textblock_section av-av_textblock-396ddf1f42196ca838231e61a4602801 '   itemscope=\"itemscope\" itemtype=\"https:\/\/schema.org\/CreativeWork\" ><div class='avia_textblock'  itemprop=\"text\" ><div class=\"\"><span style=\"font-family: Avenir-Book; font-size: small;\"><span class=\"\">2015 ver\u00f6ffentlichten\u00a0<\/span><span class=\"\">Wissenschaftler\u00a0<\/span><span class=\"\">der NASA Lunar Reconnaissance Orbiter (LRO) die nahezu vollst\u00e4ndigste topographische und\u00a0<\/span><span class=\"\">hochaufgel\u00f6ste\u00a0<\/span><span class=\"\">Karte des Mondes, die jemals geschaffen wurde. Diese neue topografische Karte zeigt die Oberfl\u00e4chenform und Eigenschaften \u00fcber (fast) den gesamten Mond mit einer Pixel-Skala von fast 328 Fu\u00df.\u00a0<\/span><\/span><\/div>\n<div class=\"\"><span style=\"font-family: Avenir-Book; font-size: small;\"><span class=\"\">Obwohl der Mond der n\u00e4chste Nachbar der Erde ist, ist die Kenntnis der Morphologie noch begrenzt. Aufgrund der Einschr\u00e4nkungen fr\u00fcherer Missionen existierte bisher keine globale Karte der Mondlandschaft in hoher Aufl\u00f6sung. Mit LROs Weitwinkelkamera und dem Lunar Orbiter Laser H\u00f6henmesser k\u00f6nnen Wissenschaftler nun pr\u00e4zise die Form des gesamten Mondes in hoher Aufl\u00f6sung darstellen.\u00a0<\/span><\/span><\/div>\n<div class=\"\"><span style=\"font-family: Avenir-Book; font-size: small;\">\u00a0<\/span><\/div>\n<div class=\"\"><span class=\"\"><span style=\"font-family: Avenir-Book; font-size: small;\">Mit Hilfe dieser beeindruckenden Daten konnten wir &#8211; Mondschatz &#8211; eine exakte Kopie des Mondes herstellen, auf Walnussgr\u00f6sse verkleinern und ein wenig skalieren um sp\u00e4tere Gussverluste auszugleichen. Vier 3D-Modelle entstanden zun\u00e4chst am Rechner: Ring Sputnik, Ring Apollo und zwei Mondhalbschalen. Alle Formen wurden zun\u00e4chst in Hartwachs geplottet, und jeweils eine Silikonform davon erstellt. Mit Hilfe der Silikonformen wurden nun Wachsmodelle produziert, die wiederum in Gips eingebettet wurden. Nach Herausschmelzen des Wachses konnte die Hohlform mit fl\u00fcssigem Silber ausgegossen werden &#8211; tadaaa &#8211; die Grundform und die authentische Mondoberfl\u00e4che ist fertig! Die Schmuckteile werden anschliessend in Handarbeit weiterverarbeitet, ges\u00e4gt, gefeilt, gel\u00f6tet, geschmirgelt und poliert. F\u00fcr die spezielle, m\u00f6glichst authentische &#8211; Oberfl\u00e4chenbehandlung ben\u00f6tigen wir pro Schmuckst\u00fcck mehrere Stunden.<\/span><\/span><\/div>\n<div class=\"\"><span class=\"\"><span style=\"font-family: Avenir-Book; font-size: small;\">\u00a0<\/span><\/span><\/div>\n<div class=\"\"><span class=\"\"><span style=\"font-family: Avenir-Book; font-size: small;\">Hier eine kleine Demonstration der Entstehung von Ring Apollo.<\/span><\/span><\/div>\n<\/div><\/section>\n<\/div><\/div><\/div><!-- close content main div --><\/div><\/div><div id='full_slider_1'  class='avia-fullwidth-slider main_color avia-shadow   avia-builder-el-1  el_after_av_textblock  avia-builder-el-last   slider-not-first container_wrap fullsize'  ><div  class='avia-slideshow av-av_slideshow_full-32de997090c749a8c82b86d1ff824dd4 avia-slideshow-featured av_slideshow_full avia-slide-slider av-slideshow-ui av-control-default av-slideshow-manual av-loop-once av-loop-manual-endless av-default-height-applied   avia-slideshow-1' data-slideshow-options=\"{&quot;animation&quot;:&quot;slide&quot;,&quot;autoplay&quot;:false,&quot;loop_autoplay&quot;:&quot;once&quot;,&quot;interval&quot;:5,&quot;loop_manual&quot;:&quot;manual-endless&quot;,&quot;autoplay_stopper&quot;:false,&quot;noNavigation&quot;:false,&quot;bg_slider&quot;:false,&quot;keep_padding&quot;:false,&quot;hoverpause&quot;:false,&quot;show_slide_delay&quot;:0}\"  itemprop=\"image\" itemscope=\"itemscope\" itemtype=\"https:\/\/schema.org\/ImageObject\" ><ul class='avia-slideshow-inner ' style='padding-bottom: 28.666666666667%;'><li  data-controls='' data-mute='aviaTBaviaTBvideo_mute' data-loop='aviaTBaviaTBvideo_loop' data-disable-autoplay=''  data-video-ratio='3.4883720930233' class='avia-slideshow-slide av-av_slideshow_full-32de997090c749a8c82b86d1ff824dd4__0  av-video-slide  av-video-service-vimeo  av-mute-video av-loop-video av-mobile-fallback-image  av-single-slide slide-1 slide-odd'><div data-rel='slideshow-1' class='avia-slide-wrap '   ><div class='av-click-overlay'><\/div><div class='mejs-mediaelement'  itemprop=\"video\" itemtype=\"https:\/\/schema.org\/VideoObject\" ><div data-src='\/\/player.vimeo.com\/video\/202609149?portrait=0&#038;byline=0&#038;title=0&#038;badge=0&#038;loop=1&#038;autopause=1&#038;api=1&#038;rel=0&#038;player_id=player_1158_1949015130_898178638&#038;color=005fac' data-original_url='https:\/\/vimeo.com\/202609149' height='1600' width='900' class='av_vimeo_frame' id='player_1158_1949015130_898178638'><\/div><\/div><div class=\"av-click-to-play-overlay\"><div class=\"avia_playpause_icon\"><\/div><\/div><\/div><\/li><\/ul><\/div><\/div>\n","protected":false},"excerpt":{"rendered":"","protected":false},"author":1,"featured_media":0,"parent":0,"menu_order":0,"comment_status":"closed","ping_status":"closed","template":"","meta":{"footnotes":""},"class_list":["post-1158","page","type-page","status-publish","hentry"],"_links":{"self":[{"href":"https:\/\/mondschatz.com\/de\/wp-json\/wp\/v2\/pages\/1158","targetHints":{"allow":["GET"]}}],"collection":[{"href":"https:\/\/mondschatz.com\/de\/wp-json\/wp\/v2\/pages"}],"about":[{"href":"https:\/\/mondschatz.com\/de\/wp-json\/wp\/v2\/types\/page"}],"author":[{"embeddable":true,"href":"https:\/\/mondschatz.com\/de\/wp-json\/wp\/v2\/users\/1"}],"replies":[{"embeddable":true,"href":"https:\/\/mondschatz.com\/de\/wp-json\/wp\/v2\/comments?post=1158"}],"version-history":[{"count":7,"href":"https:\/\/mondschatz.com\/de\/wp-json\/wp\/v2\/pages\/1158\/revisions"}],"predecessor-version":[{"id":1662,"href":"https:\/\/mondschatz.com\/de\/wp-json\/wp\/v2\/pages\/1158\/revisions\/1662"}],"wp:attachment":[{"href":"https:\/\/mondschatz.com\/de\/wp-json\/wp\/v2\/media?parent=1158"}],"curies":[{"name":"wp","href":"https:\/\/api.w.org\/{rel}","templated":true}]}}